{"id":20,"date":"2020-01-18T14:38:48","date_gmt":"2020-01-18T14:38:48","guid":{"rendered":"http:\/\/medizinischegutachten.info\/?page_id=20"},"modified":"2025-02-17T10:55:16","modified_gmt":"2025-02-17T10:55:16","slug":"auftraggeber","status":"publish","type":"page","link":"https:\/\/medizinischegutachten.info\/?page_id=20","title":{"rendered":"Auftraggeber"},"content":{"rendered":"\n<p>\u00dcberwiegend erstelle ich Gutachten im Auftrag der Landessozialgerichte und Sozialgerichte. Auch Begutachtungen f\u00fcr Berufsgenossenschaften f\u00fchre ich durch. Hier handelt es sich in der Regel um Gutachten zum Kausalzusammenhang. Ferner schreibe ich Gutachten f\u00fcr private Unfallversicherungen.<\/p>\n","protected":false},"excerpt":{"rendered":"<p>\u00dcberwiegend erstelle ich Gutachten im Auftrag der Landessozialgerichte und Sozialgerichte. Auch Begutachtungen f\u00fcr Berufsgenossenschaften f\u00fchre ich durch. Hier handelt es sich in der Regel um Gutachten zum Kausalzusammenhang. Ferner schreibe ich Gutachten f\u00fcr private Unfallversicherungen.<\/p>\n","protected":false},"author":1,"featured_media":0,"parent":0,"menu_order":0,"comment_status":"closed","ping_status":"closed","template":"","meta":{"footnotes":""},"class_list":["post-20","page","type-page","status-publish","hentry"],"_links":{"self":[{"href":"https:\/\/medizinischegutachten.info\/index.php?rest_route=\/wp\/v2\/pages\/20","targetHints":{"allow":["GET"]}}],"collection":[{"href":"https:\/\/medizinischegutachten.info\/index.php?rest_route=\/wp\/v2\/pages"}],"about":[{"href":"https:\/\/medizinischegutachten.info\/index.php?rest_route=\/wp\/v2\/types\/page"}],"author":[{"embeddable":true,"href":"https:\/\/medizinischegutachten.info\/index.php?rest_route=\/wp\/v2\/users\/1"}],"replies":[{"embeddable":true,"href":"https:\/\/medizinischegutachten.info\/index.php?rest_route=%2Fwp%2Fv2%2Fcomments&post=20"}],"version-history":[{"count":2,"href":"https:\/\/medizinischegutachten.info\/index.php?rest_route=\/wp\/v2\/pages\/20\/revisions"}],"predecessor-version":[{"id":42,"href":"https:\/\/medizinischegutachten.info\/index.php?rest_route=\/wp\/v2\/pages\/20\/revisions\/42"}],"wp:attachment":[{"href":"https:\/\/medizinischegutachten.info\/index.php?rest_route=%2Fwp%2Fv2%2Fmedia&parent=20"}],"curies":[{"name":"wp","href":"https:\/\/api.w.org\/{rel}","templated":true}]}}