{"id":29,"date":"2020-01-18T14:56:01","date_gmt":"2020-01-18T14:56:01","guid":{"rendered":"http:\/\/medizinischegutachten.info\/?page_id=29"},"modified":"2025-02-17T10:56:06","modified_gmt":"2025-02-17T10:56:06","slug":"dr-joerg-witthaut","status":"publish","type":"page","link":"https:\/\/medizinischegutachten.info\/?page_id=29","title":{"rendered":"Dr. J\u00f6rg Witthaut"},"content":{"rendered":"\n<p><strong>Vita<\/strong><\/p>\n\n\n\n<p><strong>Dr. J\u00f6rg Witthaut, MHBA<\/strong><\/p>\n\n\n\n<p><strong>1987 &#8211; 1993<\/strong><\/p>\n\n\n\n<p>Medizinstudium an der Ludwig-Maximilian Universit\u00e4t, M\u00fcnchen und Heinrich Heine Universit\u00e4t, D\u00fcsseldorf<br><strong>Abschluss des Medizinstudiums 1993 mit der Note &#8222;sehr gut&#8220;.<\/strong><\/p>\n\n\n\n<p><strong>1993 &#8211; 1994<\/strong><\/p>\n\n\n\n<p>Assistent\nan der Klinik f\u00fcr Handchirurgie der Kliniken Ruhrhalbinsel Essen<\/p>\n\n\n\n<p><strong>1994<\/strong><\/p>\n\n\n\n<p>Dissertation:\nQualit\u00e4tssicherung in der Neurochirurgie<\/p>\n\n\n\n<p><strong>1994 &#8211; 1996<\/strong><\/p>\n\n\n\n<p>Assistent\nan der Chirurgischen Klinik der Kliniken Ruhrhalbinsel Essen<\/p>\n\n\n\n<p><strong>1996 &#8211; 1997<\/strong><\/p>\n\n\n\n<p>R\u00e9sident Institut de la Main, Clinique Jouvenet, Paris, Frankreich<br>37 Pr\u00e4parationen der oberen Extremit\u00e4t an der Ecole de Chirurgie, Paris<br>W\u00f6chentliches mikrochirurgisches Training<\/p>\n\n\n\n<p><strong>1997 &#8211; 1998<\/strong><\/p>\n\n\n\n<p>Assistent\nam Department f\u00fcr Ellenbogen- und Schulterchirurgie, Kliniken Ruhrhalbinsel\nEssen<\/p>\n\n\n\n<p><strong>1999 &#8211; 2001<\/strong><\/p>\n\n\n\n<p>Assistent\nan der Klinik f\u00fcr Handchirurgie, Kliniken Ruhrhalbinsel Essen<\/p>\n\n\n\n<p><strong>Facharztbezeichnung\nChirurgie, \u00c4rztekammer D\u00fcsseldorf<\/strong><\/p>\n\n\n\n<p><strong>2002 &#8211; 2006<\/strong><\/p>\n\n\n\n<p>Oberarzt\nan der Klinik f\u00fcr Handchirurgie der Kliniken Ruhrhalbinsel Essen<\/p>\n\n\n\n<p><strong>Zusatzbezeichnung\nHandchirurgie 2002,&nbsp;\u00c4rztekammer D\u00fcsseldorf<\/strong><\/p>\n\n\n\n<p><strong>Diploma of the European Board of Hand Surgery (EBHS) 2002 der Federation of European Societies for the Surgery of the Hand (FESSH)<\/strong><\/p>\n\n\n\n<p><b>2006 &#8211; 2011<\/b> <\/p>\n\n\n\n<p>Handchirurg\n(\u00d6verl\u00e4kare) an der Klinik f\u00fcr Handchirurgie der Universit\u00e4tsklinik Uppsala in\nSchweden<br>\n<strong>Schwedischer Facharzt f\u00fcr Handchirurgie und f\u00fcr Chirurgie<\/strong><br>\n(Swedish National Board of Health and Welfare)<br>\nSchwerpunkte:<br>\nOsteosynthese, Mikrochirurgie, Replantation, Prothetik, arthroskopische\nOperationen, Dupuytren (Collagenase)<\/p>\n\n\n\n<p><strong>2011 -2018<\/strong><\/p>\n\n\n\n<p>Chefarzt\nder Klinik f\u00fcr Handchirurgie an der Sch\u00f6n Klinik Vogtareuth<\/p>\n\n\n\n<p><strong>Ab 2018<\/strong><\/p>\n\n\n\n<p>Leiter der Sektion Handchirurgie an der\u00a0RoMed Klinik Wasserburg und Praxis f\u00fcr Handchirurgie an der\u00a0RoMed Klinik Wasserburg a. Inn (www.e-hand.de)<\/p>\n","protected":false},"excerpt":{"rendered":"<p>Vita Dr. J\u00f6rg Witthaut, MHBA 1987 &#8211; 1993 Medizinstudium an der Ludwig-Maximilian Universit\u00e4t, M\u00fcnchen und Heinrich Heine Universit\u00e4t, D\u00fcsseldorfAbschluss des Medizinstudiums 1993 mit der Note &#8222;sehr gut&#8220;. 1993 &#8211; 1994 Assistent an der Klinik f\u00fcr Handchirurgie der Kliniken Ruhrhalbinsel Essen 1994 Dissertation: Qualit\u00e4tssicherung in der Neurochirurgie 1994 &#8211; 1996 Assistent an der Chirurgischen Klinik der&hellip;<\/p>\n","protected":false},"author":1,"featured_media":0,"parent":0,"menu_order":0,"comment_status":"closed","ping_status":"closed","template":"","meta":{"footnotes":""},"class_list":["post-29","page","type-page","status-publish","hentry"],"_links":{"self":[{"href":"https:\/\/medizinischegutachten.info\/index.php?rest_route=\/wp\/v2\/pages\/29","targetHints":{"allow":["GET"]}}],"collection":[{"href":"https:\/\/medizinischegutachten.info\/index.php?rest_route=\/wp\/v2\/pages"}],"about":[{"href":"https:\/\/medizinischegutachten.info\/index.php?rest_route=\/wp\/v2\/types\/page"}],"author":[{"embeddable":true,"href":"https:\/\/medizinischegutachten.info\/index.php?rest_route=\/wp\/v2\/users\/1"}],"replies":[{"embeddable":true,"href":"https:\/\/medizinischegutachten.info\/index.php?rest_route=%2Fwp%2Fv2%2Fcomments&post=29"}],"version-history":[{"count":5,"href":"https:\/\/medizinischegutachten.info\/index.php?rest_route=\/wp\/v2\/pages\/29\/revisions"}],"predecessor-version":[{"id":62,"href":"https:\/\/medizinischegutachten.info\/index.php?rest_route=\/wp\/v2\/pages\/29\/revisions\/62"}],"wp:attachment":[{"href":"https:\/\/medizinischegutachten.info\/index.php?rest_route=%2Fwp%2Fv2%2Fmedia&parent=29"}],"curies":[{"name":"wp","href":"https:\/\/api.w.org\/{rel}","templated":true}]}}